{"id":17,"date":"2022-10-02T17:21:51","date_gmt":"2022-10-02T17:21:51","guid":{"rendered":"https:\/\/r-web.no\/hjem\/?page_id=17"},"modified":"2023-10-10T05:51:14","modified_gmt":"2023-10-10T05:51:14","slug":"tjenester","status":"publish","type":"page","link":"https:\/\/r-web.no\/hjem\/index.php\/tjenester\/","title":{"rendered":"Webinar \/ Veiledning"},"content":{"rendered":"<div class=\"wp-block-image\">\r\n<figure class=\"aligncenter size-full\"><img loading=\"lazy\" decoding=\"async\" width=\"300\" height=\"244\" class=\"wp-image-168\" src=\"https:\/\/r-web.no\/hjem\/wp-content\/uploads\/2023\/01\/Jobbe-pa-pc-e1673985998329.png\" alt=\"\" \/><\/figure>\r\n<\/div>\r\n\r\n\r\n<p class=\"has-black-color has-text-color has-regular-font-size\">Vi \u00f8nsker \u00e5 gj\u00f8re ting lettere for deg, og gir deg n\u00e5 muligheten til \u00e5 styre din egen hverdag.<\/p>\r\n\r\n\r\n\r\n<p><strong>Hos oss f\u00e5r du:<\/strong><br \/>&#8211; Veiledende webinarer<br \/>&#8211; Arbeidshefter med tilh\u00f8rende oppgaver<br \/>&#8211; Eksamensoppgave med l\u00f8sningsforslag<\/p>\r\n\r\n\r\n\r\n<p><em>Best av alt! Dette kan du ta med p\u00e5 eksamen!<\/em><\/p>\r\n\r\n\r\n<div class=\"wp-block-image\">\r\n<figure class=\"aligncenter size-full\"><img loading=\"lazy\" decoding=\"async\" width=\"300\" height=\"203\" class=\"wp-image-166\" src=\"https:\/\/r-web.no\/hjem\/wp-content\/uploads\/2023\/01\/Bilde-skole-e1673985877814.png\" alt=\"\" \/><\/figure>\r\n<\/div>\r\n\r\n\r\n<p class=\"has-text-align-center has-black-color has-text-color\"><strong>Trykk her for mer informasjon om v\u00e5re tjenester:<\/strong><\/p>\r\n\r\n\r\n\r\n<h2 class=\"wp-block-heading has-text-align-center has-black-color has-vivid-cyan-blue-background-color has-text-color has-background has-medium-font-size\" style=\"font-style: normal; font-weight: 900;\"><a href=\"https:\/\/r-web.no\/hjem\/index.php\/2023\/09\/23\/eksamenswebinar\/\" data-type=\"URL\" data-id=\"https:\/\/r-web.no\/hjem\/index.php\/eksamenswebinar-tmf3102\/\">Eksamenswebinar TMF3103<br \/><\/a><\/h2>\r\n\r\n\r\n\r\n<h2 class=\"wp-block-heading has-text-align-center has-black-color has-light-green-cyan-background-color has-text-color has-background has-medium-font-size\" style=\"font-style: normal; font-weight: 900;\"><a href=\"https:\/\/r-web.no\/hjem\/index.php\/2023\/09\/23\/veiledning-for-tmf3103-eksamen\/\">Veiledning<\/a><\/h2>\r\n\r\n\r\n\r\n<h2 class=\"wp-block-heading has-text-align-center has-black-color has-pale-pink-background-color has-text-color has-background has-medium-font-size\" style=\"font-style: normal; font-weight: 900;\"><a href=\"https:\/\/r-web.no\/hjem\/index.php\/2023\/09\/23\/undervisning-i-tomrerteori\/\">Undervisning i t\u00f8mrerteori<\/a><strong><br \/><\/strong><\/h2>\r\n","protected":false},"excerpt":{"rendered":"<p>Vi \u00f8nsker \u00e5 gj\u00f8re ting lettere for deg, og gir deg n\u00e5 muligheten til \u00e5 styre din egen hverdag. Hos oss f\u00e5r du:&#8211; Veiledende webinarer&#8211; Arbeidshefter med tilh\u00f8rende oppgaver&#8211; Eksamensoppgave med l\u00f8sningsforslag Best av alt! Dette kan du ta med p\u00e5 eksamen! Trykk her for mer informasjon om v\u00e5re tjenester: [&hellip;]<\/p>\n","protected":false},"author":1,"featured_media":95,"parent":0,"menu_order":0,"comment_status":"closed","ping_status":"closed","template":"","meta":{"footnotes":""},"class_list":["post-17","page","type-page","status-publish","has-post-thumbnail","hentry"],"_links":{"self":[{"href":"https:\/\/r-web.no\/hjem\/index.php\/wp-json\/wp\/v2\/pages\/17","targetHints":{"allow":["GET"]}}],"collection":[{"href":"https:\/\/r-web.no\/hjem\/index.php\/wp-json\/wp\/v2\/pages"}],"about":[{"href":"https:\/\/r-web.no\/hjem\/index.php\/wp-json\/wp\/v2\/types\/page"}],"author":[{"embeddable":true,"href":"https:\/\/r-web.no\/hjem\/index.php\/wp-json\/wp\/v2\/users\/1"}],"replies":[{"embeddable":true,"href":"https:\/\/r-web.no\/hjem\/index.php\/wp-json\/wp\/v2\/comments?post=17"}],"version-history":[{"count":39,"href":"https:\/\/r-web.no\/hjem\/index.php\/wp-json\/wp\/v2\/pages\/17\/revisions"}],"predecessor-version":[{"id":355,"href":"https:\/\/r-web.no\/hjem\/index.php\/wp-json\/wp\/v2\/pages\/17\/revisions\/355"}],"wp:featuredmedia":[{"embeddable":true,"href":"https:\/\/r-web.no\/hjem\/index.php\/wp-json\/wp\/v2\/media\/95"}],"wp:attachment":[{"href":"https:\/\/r-web.no\/hjem\/index.php\/wp-json\/wp\/v2\/media?parent=17"}],"curies":[{"name":"wp","href":"https:\/\/api.w.org\/{rel}","templated":true}]}}